{"id":193,"date":"2022-08-24T12:43:50","date_gmt":"2022-08-24T10:43:50","guid":{"rendered":"http:\/\/chezperlette.fr\/?page_id=193"},"modified":"2025-11-24T11:23:24","modified_gmt":"2025-11-24T10:23:24","slug":"chambre-charbon","status":"publish","type":"page","link":"https:\/\/chezperlette.fr\/index.php\/chambre-charbon\/","title":{"rendered":"Chambre Charbon"},"content":{"rendered":"\t\t<div data-elementor-type=\"wp-page\" data-elementor-id=\"193\" class=\"elementor elementor-193\">\n\t\t\t\t\t\t<section class=\"elementor-section elementor-top-section elementor-element elementor-element-2bd358e elementor-section-boxed elementor-section-height-default elementor-section-height-default\" data-id=\"2bd358e\" data-element_type=\"section\">\n\t\t\t\t\t\t<div class=\"elementor-container elementor-column-gap-default\">\n\t\t\t\t\t<div class=\"elementor-column elementor-col-100 elementor-top-column elementor-element elementor-element-dd443ec\" data-id=\"dd443ec\" data-element_type=\"column\">\n\t\t\t<div class=\"elementor-widget-wrap elementor-element-populated\">\n\t\t\t\t\t\t<div class=\"elementor-element elementor-element-3e7641d elementor-widget elementor-widget-heading\" data-id=\"3e7641d\" data-element_type=\"widget\" data-widget_type=\"heading.default\">\n\t\t\t\t<div class=\"elementor-widget-container\">\n\t\t\t<style>\/*! elementor - v3.19.0 - 26-02-2024 *\/\n.elementor-heading-title{padding:0;margin:0;line-height:1}.elementor-widget-heading .elementor-heading-title[class*=elementor-size-]>a{color:inherit;font-size:inherit;line-height:inherit}.elementor-widget-heading .elementor-heading-title.elementor-size-small{font-size:15px}.elementor-widget-heading .elementor-heading-title.elementor-size-medium{font-size:19px}.elementor-widget-heading .elementor-heading-title.elementor-size-large{font-size:29px}.elementor-widget-heading .elementor-heading-title.elementor-size-xl{font-size:39px}.elementor-widget-heading .elementor-heading-title.elementor-size-xxl{font-size:59px}<\/style><h2 class=\"elementor-heading-title elementor-size-default\"><strong><h1 style=\"text-align: center;\"><strong>CHAMBRE CHARBON 2 PERSONNES<\/strong><\/h1><\/strong><\/h2>\t\t<\/div>\n\t\t\t\t<\/div>\n\t\t\t\t\t<\/div>\n\t\t<\/div>\n\t\t\t\t\t<\/div>\n\t\t<\/section>\n\t\t\t\t<section class=\"elementor-section elementor-top-section elementor-element elementor-element-ad31b14 elementor-section-boxed elementor-section-height-default elementor-section-height-default\" data-id=\"ad31b14\" data-element_type=\"section\">\n\t\t\t\t\t\t<div class=\"elementor-container elementor-column-gap-default\">\n\t\t\t\t\t<div class=\"elementor-column elementor-col-100 elementor-top-column elementor-element elementor-element-a057184\" data-id=\"a057184\" data-element_type=\"column\">\n\t\t\t<div class=\"elementor-widget-wrap elementor-element-populated\">\n\t\t\t\t\t\t<div class=\"elementor-element elementor-element-908c13d elementor-arrows-position-inside elementor-pagination-position-outside elementor-widget elementor-widget-image-carousel\" data-id=\"908c13d\" data-element_type=\"widget\" data-settings=\"{&quot;slides_to_show&quot;:&quot;1&quot;,&quot;navigation&quot;:&quot;both&quot;,&quot;autoplay&quot;:&quot;yes&quot;,&quot;pause_on_hover&quot;:&quot;yes&quot;,&quot;pause_on_interaction&quot;:&quot;yes&quot;,&quot;autoplay_speed&quot;:5000,&quot;infinite&quot;:&quot;yes&quot;,&quot;effect&quot;:&quot;slide&quot;,&quot;speed&quot;:500}\" data-widget_type=\"image-carousel.default\">\n\t\t\t\t<div class=\"elementor-widget-container\">\n\t\t\t<style>\/*! elementor - v3.19.0 - 26-02-2024 *\/\n.elementor-widget-image-carousel .swiper,.elementor-widget-image-carousel .swiper-container{position:static}.elementor-widget-image-carousel .swiper-container .swiper-slide figure,.elementor-widget-image-carousel .swiper .swiper-slide figure{line-height:inherit}.elementor-widget-image-carousel .swiper-slide{text-align:center}.elementor-image-carousel-wrapper:not(.swiper-container-initialized):not(.swiper-initialized) .swiper-slide{max-width:calc(100% \/ var(--e-image-carousel-slides-to-show, 3))}<\/style>\t\t<div class=\"elementor-image-carousel-wrapper swiper-container\" dir=\"ltr\">\n\t\t\t<div class=\"elementor-image-carousel swiper-wrapper\" aria-live=\"off\">\n\t\t\t\t\t\t\t\t<div class=\"swiper-slide\" role=\"group\" aria-roledescription=\"slide\" aria-label=\"1 sur 6\"><a data-elementor-open-lightbox=\"yes\" data-elementor-lightbox-slideshow=\"908c13d\" data-elementor-lightbox-title=\"Chambre Charbon\" data-e-action-hash=\"#elementor-action%3Aaction%3Dlightbox%26settings%3DeyJpZCI6MjExLCJ1cmwiOiJodHRwczpcL1wvY2hlenBlcmxldHRlLmZyXC93cC1jb250ZW50XC91cGxvYWRzXC8yMDIyXC8wOFwvMjAyMjA4MjRfMTI0NjE1LXNjYWxlZC5qcGciLCJzbGlkZXNob3ciOiI5MDhjMTNkIn0%3D\" href=\"https:\/\/chezperlette.fr\/wp-content\/uploads\/2022\/08\/20220824_124615-scaled.jpg\"><figure class=\"swiper-slide-inner\"><img decoding=\"async\" class=\"swiper-slide-image\" src=\"https:\/\/chezperlette.fr\/wp-content\/uploads\/2022\/08\/20220824_124615-scaled.jpg\" alt=\"Chambre d&#039;h\u00f4tes Babet \u00e0 Merle Leignec, chambre d&#039;h\u00f4tes en Auvergne Rh\u00f4ne Alpes, chambre d&#039;h\u00f4tes Saint \u00c9tienne\" \/><\/figure><\/a><\/div><div class=\"swiper-slide\" role=\"group\" aria-roledescription=\"slide\" aria-label=\"2 sur 6\"><a data-elementor-open-lightbox=\"yes\" data-elementor-lightbox-slideshow=\"908c13d\" data-elementor-lightbox-title=\"Chambre Charbon\" data-e-action-hash=\"#elementor-action%3Aaction%3Dlightbox%26settings%3DeyJpZCI6MjEwLCJ1cmwiOiJodHRwczpcL1wvY2hlenBlcmxldHRlLmZyXC93cC1jb250ZW50XC91cGxvYWRzXC8yMDIyXC8wOFwvMjAyMjA4MThfMTcxOTU0LXNjYWxlZC5qcGciLCJzbGlkZXNob3ciOiI5MDhjMTNkIn0%3D\" href=\"https:\/\/chezperlette.fr\/wp-content\/uploads\/2022\/08\/20220818_171954-scaled.jpg\"><figure class=\"swiper-slide-inner\"><img decoding=\"async\" class=\"swiper-slide-image\" src=\"https:\/\/chezperlette.fr\/wp-content\/uploads\/2022\/08\/20220818_171954-scaled.jpg\" alt=\"Chambre d&#039;h\u00f4tes Babet \u00e0 Merle Leignec, chambre d&#039;h\u00f4tes en Auvergne Rh\u00f4ne Alpes, chambre d&#039;h\u00f4tes Saint \u00c9tienne\" \/><\/figure><\/a><\/div><div class=\"swiper-slide\" role=\"group\" aria-roledescription=\"slide\" aria-label=\"3 sur 6\"><a data-elementor-open-lightbox=\"yes\" data-elementor-lightbox-slideshow=\"908c13d\" data-elementor-lightbox-title=\"Salle de bain chambre Charbon\" data-e-action-hash=\"#elementor-action%3Aaction%3Dlightbox%26settings%3DeyJpZCI6MjEyLCJ1cmwiOiJodHRwczpcL1wvY2hlenBlcmxldHRlLmZyXC93cC1jb250ZW50XC91cGxvYWRzXC8yMDIyXC8wOFwvMjAyMjA4MjRfMTI0NjU5LXNjYWxlZC5qcGciLCJzbGlkZXNob3ciOiI5MDhjMTNkIn0%3D\" href=\"https:\/\/chezperlette.fr\/wp-content\/uploads\/2022\/08\/20220824_124659-scaled.jpg\"><figure class=\"swiper-slide-inner\"><img decoding=\"async\" class=\"swiper-slide-image\" src=\"https:\/\/chezperlette.fr\/wp-content\/uploads\/2022\/08\/20220824_124659-scaled.jpg\" alt=\"Chambre d&#039;h\u00f4tes Babet \u00e0 Merle Leignec, chambre d&#039;h\u00f4tes en Auvergne Rh\u00f4ne Alpes, chambre d&#039;h\u00f4tes Saint \u00c9tienne\" \/><\/figure><\/a><\/div><div class=\"swiper-slide\" role=\"group\" aria-roledescription=\"slide\" aria-label=\"4 sur 6\"><a data-elementor-open-lightbox=\"yes\" data-elementor-lightbox-slideshow=\"908c13d\" data-elementor-lightbox-title=\"Salle de bain douche Chambre Charbon\" data-e-action-hash=\"#elementor-action%3Aaction%3Dlightbox%26settings%3DeyJpZCI6MjEzLCJ1cmwiOiJodHRwczpcL1wvY2hlenBlcmxldHRlLmZyXC93cC1jb250ZW50XC91cGxvYWRzXC8yMDIyXC8wOFwvMjAyMjA4MjRfMTI0NzE2LXNjYWxlZC5qcGciLCJzbGlkZXNob3ciOiI5MDhjMTNkIn0%3D\" href=\"https:\/\/chezperlette.fr\/wp-content\/uploads\/2022\/08\/20220824_124716-scaled.jpg\"><figure class=\"swiper-slide-inner\"><img decoding=\"async\" class=\"swiper-slide-image\" src=\"https:\/\/chezperlette.fr\/wp-content\/uploads\/2022\/08\/20220824_124716-scaled.jpg\" alt=\"Chambre d&#039;h\u00f4tes Babet \u00e0 Merle Leignec, chambre d&#039;h\u00f4tes en Auvergne Rh\u00f4ne Alpes, chambre d&#039;h\u00f4tes Saint \u00c9tienne\" \/><\/figure><\/a><\/div><div class=\"swiper-slide\" role=\"group\" aria-roledescription=\"slide\" aria-label=\"5 sur 6\"><a data-elementor-open-lightbox=\"yes\" data-elementor-lightbox-slideshow=\"908c13d\" data-elementor-lightbox-title=\"Chambre Charbon\" data-e-action-hash=\"#elementor-action%3Aaction%3Dlightbox%26settings%3DeyJpZCI6MjE0LCJ1cmwiOiJodHRwczpcL1wvY2hlenBlcmxldHRlLmZyXC93cC1jb250ZW50XC91cGxvYWRzXC8yMDIyXC8wOFwvMjAyMjA4MjRfMTI0NzMzLXNjYWxlZC5qcGciLCJzbGlkZXNob3ciOiI5MDhjMTNkIn0%3D\" href=\"https:\/\/chezperlette.fr\/wp-content\/uploads\/2022\/08\/20220824_124733-scaled.jpg\"><figure class=\"swiper-slide-inner\"><img decoding=\"async\" class=\"swiper-slide-image\" src=\"https:\/\/chezperlette.fr\/wp-content\/uploads\/2022\/08\/20220824_124733-scaled.jpg\" alt=\"Chambre d&#039;h\u00f4tes Babet \u00e0 Merle Leignec, chambre d&#039;h\u00f4tes en Auvergne Rh\u00f4ne Alpes, chambre d&#039;h\u00f4tes Saint \u00c9tienne\" \/><\/figure><\/a><\/div><div class=\"swiper-slide\" role=\"group\" aria-roledescription=\"slide\" aria-label=\"6 sur 6\"><a data-elementor-open-lightbox=\"yes\" data-elementor-lightbox-slideshow=\"908c13d\" data-elementor-lightbox-title=\"Chambre Charbon\" data-e-action-hash=\"#elementor-action%3Aaction%3Dlightbox%26settings%3DeyJpZCI6MjE1LCJ1cmwiOiJodHRwczpcL1wvY2hlenBlcmxldHRlLmZyXC93cC1jb250ZW50XC91cGxvYWRzXC8yMDIyXC8wOFwvMjAyMjA4MjRfMTI0OTAzLXNjYWxlZC5qcGciLCJzbGlkZXNob3ciOiI5MDhjMTNkIn0%3D\" href=\"https:\/\/chezperlette.fr\/wp-content\/uploads\/2022\/08\/20220824_124903-scaled.jpg\"><figure class=\"swiper-slide-inner\"><img decoding=\"async\" class=\"swiper-slide-image\" src=\"https:\/\/chezperlette.fr\/wp-content\/uploads\/2022\/08\/20220824_124903-scaled.jpg\" alt=\"Chambre d&#039;h\u00f4tes Babet \u00e0 Merle Leignec, chambre d&#039;h\u00f4tes en Auvergne Rh\u00f4ne Alpes, chambre d&#039;h\u00f4tes Saint \u00c9tienne\" \/><\/figure><\/a><\/div>\t\t\t<\/div>\n\t\t\t\t\t\t\t\t\t\t\t\t<div class=\"elementor-swiper-button elementor-swiper-button-prev\" role=\"button\" tabindex=\"0\">\n\t\t\t\t\t\t<i aria-hidden=\"true\" class=\"eicon-chevron-left\"><\/i>\t\t\t\t\t<\/div>\n\t\t\t\t\t<div class=\"elementor-swiper-button elementor-swiper-button-next\" role=\"button\" tabindex=\"0\">\n\t\t\t\t\t\t<i aria-hidden=\"true\" class=\"eicon-chevron-right\"><\/i>\t\t\t\t\t<\/div>\n\t\t\t\t\n\t\t\t\t\t\t\t\t\t<div class=\"swiper-pagination\"><\/div>\n\t\t\t\t\t\t\t\t\t<\/div>\n\t\t\t\t<\/div>\n\t\t\t\t<\/div>\n\t\t\t\t\t<\/div>\n\t\t<\/div>\n\t\t\t\t\t<\/div>\n\t\t<\/section>\n\t\t\t\t<section class=\"elementor-section elementor-top-section elementor-element elementor-element-49442af elementor-section-boxed elementor-section-height-default elementor-section-height-default\" data-id=\"49442af\" data-element_type=\"section\">\n\t\t\t\t\t\t<div class=\"elementor-container elementor-column-gap-default\">\n\t\t\t\t\t<div class=\"elementor-column elementor-col-100 elementor-top-column elementor-element elementor-element-0b99493\" data-id=\"0b99493\" data-element_type=\"column\">\n\t\t\t<div class=\"elementor-widget-wrap elementor-element-populated\">\n\t\t\t\t\t\t<div class=\"elementor-element elementor-element-3d768d4 elementor-widget elementor-widget-text-editor\" data-id=\"3d768d4\" data-element_type=\"widget\" data-widget_type=\"text-editor.default\">\n\t\t\t\t<div class=\"elementor-widget-container\">\n\t\t\t<style>\/*! elementor - v3.19.0 - 26-02-2024 *\/\n.elementor-widget-text-editor.elementor-drop-cap-view-stacked .elementor-drop-cap{background-color:#69727d;color:#fff}.elementor-widget-text-editor.elementor-drop-cap-view-framed .elementor-drop-cap{color:#69727d;border:3px solid;background-color:transparent}.elementor-widget-text-editor:not(.elementor-drop-cap-view-default) .elementor-drop-cap{margin-top:8px}.elementor-widget-text-editor:not(.elementor-drop-cap-view-default) .elementor-drop-cap-letter{width:1em;height:1em}.elementor-widget-text-editor .elementor-drop-cap{float:left;text-align:center;line-height:1;font-size:50px}.elementor-widget-text-editor .elementor-drop-cap-letter{display:inline-block}<\/style>\t\t\t\t<p>D\u00e9couvrez notre chambre &#8220;Charbon&#8221;, spacieuse et \u00e9pur\u00e9e, qui vous s\u00e9duira par sa literie queen size confortable et sa salle de bain moderne et fonctionnelle.<\/p><p>Descriptif chambre &#8220;CHARBON&#8221; :<\/p><p>&#8211; Chambre de 20m\u00b2 avec salle de bain et toilettes privatifs<\/p><p>&#8211; Lit Queen size de 160 x 200mm<\/p><p>&#8211; Douche italienne de 90 x 90cm<\/p><p>&#8211; Toilettes suspendues<\/p><p>&#8211; Mise \u00e0 disposition de linge de toilette<\/p><p>&#8211; Possibilit\u00e9 de rajouter un lit parapluie pour b\u00e9b\u00e9<\/p><p>&#8211; Wifi mis \u00e0 disposition gratuitement dans la chambre<\/p><p>&#8211; Acc\u00e8s espace d\u00e9tente et cuisine commune, avec possibilit\u00e9s de se faire \u00e0 manger<\/p><p>&#8211; Petit d\u00e9jeuner sucr\u00e9 et\/ou sal\u00e9 (en fonction de vos envies), servi<br \/>dans l&#8217;espace cuisine de 7h \u00e0 10h (possibilit\u00e9 de se mettre d&#8217;accord sur<br \/>les horaires).<\/p><p>&#8211; Location \u00e0 partir d&#8217;une nuit et plus selon vos envies<\/p><p><b>TARIF PAR NUIT : 71\u20ac petit d\u00e9jeuner inclus + taxe de s\u00e9jour par personne. <\/b>Sur r\u00e9servation, le repas du soir peut-\u00eatre servi (15\u20ac par personne).<\/p><p><b>Pour toute demande d&#8217;informations ou de r\u00e9servation vous pouvez nous contacter :<\/b><\/p><p><b>&#8211; Par mail : contact@chezperlette.fr<\/b><\/p><p><b>&#8211; Par t\u00e9l\u00e9phone au 06 31 44 56 24 ou 06 74 58 39 05<br \/><\/b><\/p><p><b>&#8211; Via le formulaire de contact de ce site<\/b><\/p>\t\t\t\t\t\t<\/div>\n\t\t\t\t<\/div>\n\t\t\t\t\t<\/div>\n\t\t<\/div>\n\t\t\t\t\t<\/div>\n\t\t<\/section>\n\t\t\t\t<\/div>\n\t\t","protected":false},"excerpt":{"rendered":"<p>CHAMBRE CHARBON 2 PERSONNES D\u00e9couvrez notre chambre &#8220;Charbon&#8221;, spacieuse et \u00e9pur\u00e9e, qui vous s\u00e9duira par sa literie queen size confortable et sa salle de bain moderne et fonctionnelle. Descriptif chambre &#8220;CHARBON&#8221; : &#8211; Chambre de 20m\u00b2 avec salle de bain et toilettes privatifs &#8211; Lit Queen size de 160 x 200mm &#8211; Douche italienne de <a class=\"read-more\" href=\"https:\/\/chezperlette.fr\/index.php\/chambre-charbon\/\">READ MORE<\/a><\/p>\n","protected":false},"author":1,"featured_media":0,"parent":0,"menu_order":0,"comment_status":"closed","ping_status":"closed","template":"","meta":{"om_disable_all_campaigns":false,"_monsterinsights_skip_tracking":false,"_monsterinsights_sitenote_active":false,"_monsterinsights_sitenote_note":"","_monsterinsights_sitenote_category":0,"footnotes":""},"aioseo_notices":[],"_links":{"self":[{"href":"https:\/\/chezperlette.fr\/index.php\/wp-json\/wp\/v2\/pages\/193"}],"collection":[{"href":"https:\/\/chezperlette.fr\/index.php\/wp-json\/wp\/v2\/pages"}],"about":[{"href":"https:\/\/chezperlette.fr\/index.php\/wp-json\/wp\/v2\/types\/page"}],"author":[{"embeddable":true,"href":"https:\/\/chezperlette.fr\/index.php\/wp-json\/wp\/v2\/users\/1"}],"replies":[{"embeddable":true,"href":"https:\/\/chezperlette.fr\/index.php\/wp-json\/wp\/v2\/comments?post=193"}],"version-history":[{"count":32,"href":"https:\/\/chezperlette.fr\/index.php\/wp-json\/wp\/v2\/pages\/193\/revisions"}],"predecessor-version":[{"id":599,"href":"https:\/\/chezperlette.fr\/index.php\/wp-json\/wp\/v2\/pages\/193\/revisions\/599"}],"wp:attachment":[{"href":"https:\/\/chezperlette.fr\/index.php\/wp-json\/wp\/v2\/media?parent=193"}],"curies":[{"name":"wp","href":"https:\/\/api.w.org\/{rel}","templated":true}]}}