{"id":24,"date":"2022-06-08T10:59:18","date_gmt":"2022-06-08T08:59:18","guid":{"rendered":"http:\/\/chezperlette.fr\/?page_id=24"},"modified":"2024-07-16T10:02:45","modified_gmt":"2024-07-16T08:02:45","slug":"elementor-24","status":"publish","type":"page","link":"https:\/\/chezperlette.fr\/","title":{"rendered":"Accueil"},"content":{"rendered":"\t\t<div data-elementor-type=\"wp-page\" data-elementor-id=\"24\" class=\"elementor elementor-24\">\n\t\t\t\t\t\t<section class=\"elementor-section elementor-top-section elementor-element elementor-element-94c5d45 elementor-section-boxed elementor-section-height-default elementor-section-height-default\" data-id=\"94c5d45\" data-element_type=\"section\">\n\t\t\t\t\t\t<div class=\"elementor-container elementor-column-gap-default\">\n\t\t\t\t\t<div class=\"elementor-column elementor-col-100 elementor-top-column elementor-element elementor-element-d1ab40b\" data-id=\"d1ab40b\" data-element_type=\"column\">\n\t\t\t<div class=\"elementor-widget-wrap elementor-element-populated\">\n\t\t\t\t\t\t<div class=\"elementor-element elementor-element-966ca8b elementor-widget elementor-widget-heading\" data-id=\"966ca8b\" data-element_type=\"widget\" data-widget_type=\"heading.default\">\n\t\t\t\t<div class=\"elementor-widget-container\">\n\t\t\t<style>\/*! elementor - v3.19.0 - 26-02-2024 *\/\n.elementor-heading-title{padding:0;margin:0;line-height:1}.elementor-widget-heading .elementor-heading-title[class*=elementor-size-]>a{color:inherit;font-size:inherit;line-height:inherit}.elementor-widget-heading .elementor-heading-title.elementor-size-small{font-size:15px}.elementor-widget-heading .elementor-heading-title.elementor-size-medium{font-size:19px}.elementor-widget-heading .elementor-heading-title.elementor-size-large{font-size:29px}.elementor-widget-heading .elementor-heading-title.elementor-size-xl{font-size:39px}.elementor-widget-heading .elementor-heading-title.elementor-size-xxl{font-size:59px}<\/style><h2 class=\"elementor-heading-title elementor-size-xxl\">Chambres d'h\u00f4tes \u00e0 Merle-Leignec<\/h2>\t\t<\/div>\n\t\t\t\t<\/div>\n\t\t\t\t\t<\/div>\n\t\t<\/div>\n\t\t\t\t\t<\/div>\n\t\t<\/section>\n\t\t\t\t<section class=\"elementor-section elementor-top-section elementor-element elementor-element-f27c529 elementor-section-content-middle elementor-section-boxed elementor-section-height-default elementor-section-height-default\" data-id=\"f27c529\" data-element_type=\"section\">\n\t\t\t\t\t\t<div class=\"elementor-container elementor-column-gap-default\">\n\t\t\t\t\t<div class=\"elementor-column elementor-col-100 elementor-top-column elementor-element elementor-element-1a992db\" data-id=\"1a992db\" data-element_type=\"column\">\n\t\t\t<div class=\"elementor-widget-wrap elementor-element-populated\">\n\t\t\t\t\t\t<div class=\"elementor-element elementor-element-5218f37 elementor-widget elementor-widget-text-editor\" data-id=\"5218f37\" data-element_type=\"widget\" data-widget_type=\"text-editor.default\">\n\t\t\t\t<div class=\"elementor-widget-container\">\n\t\t\t<style>\/*! elementor - v3.19.0 - 26-02-2024 *\/\n.elementor-widget-text-editor.elementor-drop-cap-view-stacked .elementor-drop-cap{background-color:#69727d;color:#fff}.elementor-widget-text-editor.elementor-drop-cap-view-framed .elementor-drop-cap{color:#69727d;border:3px solid;background-color:transparent}.elementor-widget-text-editor:not(.elementor-drop-cap-view-default) .elementor-drop-cap{margin-top:8px}.elementor-widget-text-editor:not(.elementor-drop-cap-view-default) .elementor-drop-cap-letter{width:1em;height:1em}.elementor-widget-text-editor .elementor-drop-cap{float:left;text-align:center;line-height:1;font-size:50px}.elementor-widget-text-editor .elementor-drop-cap-letter{display:inline-block}<\/style>\t\t\t\t<h1 style=\"text-align: center;\"><img fetchpriority=\"high\" decoding=\"async\" class=\"alignnone size-medium wp-image-493\" src=\"https:\/\/chezperlette.fr\/wp-content\/uploads\/2024\/02\/WhatsApp-Image-2024-02-10-a-11.23.21_d02ae8b7-225x300.jpg\" alt=\"\" width=\"225\" height=\"300\" srcset=\"https:\/\/chezperlette.fr\/wp-content\/uploads\/2024\/02\/WhatsApp-Image-2024-02-10-a-11.23.21_d02ae8b7-225x300.jpg 225w, https:\/\/chezperlette.fr\/wp-content\/uploads\/2024\/02\/WhatsApp-Image-2024-02-10-a-11.23.21_d02ae8b7-768x1024.jpg 768w, https:\/\/chezperlette.fr\/wp-content\/uploads\/2024\/02\/WhatsApp-Image-2024-02-10-a-11.23.21_d02ae8b7-1152x1536.jpg 1152w, https:\/\/chezperlette.fr\/wp-content\/uploads\/2024\/02\/WhatsApp-Image-2024-02-10-a-11.23.21_d02ae8b7.jpg 1536w\" sizes=\"(max-width: 225px) 100vw, 225px\" \/><img decoding=\"async\" class=\"alignnone size-medium wp-image-491\" src=\"https:\/\/chezperlette.fr\/wp-content\/uploads\/2024\/02\/WhatsApp-Image-2024-02-10-a-11.23.21_237dbac7-225x300.jpg\" alt=\"\" width=\"225\" height=\"300\" srcset=\"https:\/\/chezperlette.fr\/wp-content\/uploads\/2024\/02\/WhatsApp-Image-2024-02-10-a-11.23.21_237dbac7-225x300.jpg 225w, https:\/\/chezperlette.fr\/wp-content\/uploads\/2024\/02\/WhatsApp-Image-2024-02-10-a-11.23.21_237dbac7-768x1024.jpg 768w, https:\/\/chezperlette.fr\/wp-content\/uploads\/2024\/02\/WhatsApp-Image-2024-02-10-a-11.23.21_237dbac7-1152x1536.jpg 1152w, https:\/\/chezperlette.fr\/wp-content\/uploads\/2024\/02\/WhatsApp-Image-2024-02-10-a-11.23.21_237dbac7.jpg 1536w\" sizes=\"(max-width: 225px) 100vw, 225px\" \/><img decoding=\"async\" class=\"alignnone size-medium wp-image-492\" src=\"https:\/\/chezperlette.fr\/wp-content\/uploads\/2024\/02\/WhatsApp-Image-2024-02-10-a-11.23.21_474d2ae7-225x300.jpg\" alt=\"\" width=\"225\" height=\"300\" srcset=\"https:\/\/chezperlette.fr\/wp-content\/uploads\/2024\/02\/WhatsApp-Image-2024-02-10-a-11.23.21_474d2ae7-225x300.jpg 225w, https:\/\/chezperlette.fr\/wp-content\/uploads\/2024\/02\/WhatsApp-Image-2024-02-10-a-11.23.21_474d2ae7-768x1024.jpg 768w, https:\/\/chezperlette.fr\/wp-content\/uploads\/2024\/02\/WhatsApp-Image-2024-02-10-a-11.23.21_474d2ae7-1152x1536.jpg 1152w, https:\/\/chezperlette.fr\/wp-content\/uploads\/2024\/02\/WhatsApp-Image-2024-02-10-a-11.23.21_474d2ae7.jpg 1536w\" sizes=\"(max-width: 225px) 100vw, 225px\" \/><br>&nbsp;<\/h1>\n<h1 style=\"text-align: center;\">Chez Perlette, V\u00e9ronique sera ravie de vous accueillir pour d\u00e9couvrir sa belle r\u00e9gion dans un cadre agr\u00e9able et reposant.<\/h1>\n<div>\n<p>&nbsp;&nbsp;&nbsp;&nbsp;&nbsp;&nbsp;&nbsp;&nbsp;&nbsp;&nbsp;&nbsp;&nbsp;&nbsp;&nbsp;&nbsp;&nbsp;&nbsp;&nbsp;&nbsp;&nbsp;&nbsp;&nbsp;&nbsp;&nbsp;&nbsp;&nbsp;&nbsp;&nbsp;&nbsp;&nbsp;&nbsp;&nbsp;&nbsp;&nbsp;&nbsp;&nbsp;&nbsp;&nbsp;&nbsp;&nbsp;&nbsp;&nbsp;&nbsp;&nbsp;&nbsp;&nbsp;&nbsp;&nbsp;&nbsp;&nbsp;&nbsp;&nbsp;&nbsp;&nbsp;&nbsp;&nbsp;&nbsp;&nbsp;&nbsp;&nbsp;&nbsp;&nbsp;&nbsp;&nbsp;&nbsp;&nbsp;&nbsp;&nbsp;&nbsp;&nbsp;&nbsp;&nbsp;&nbsp;&nbsp;&nbsp;&nbsp;&nbsp;&nbsp;&nbsp;&nbsp;&nbsp;&nbsp;&nbsp;&nbsp;&nbsp;&nbsp;&nbsp;&nbsp;&nbsp;&nbsp;&nbsp;&nbsp;&nbsp;&nbsp;&nbsp;&nbsp;&nbsp; Au 439 hameau de la plagne \u00e0 Merle (42380 Merle-leignec)<\/p>\n<div>&nbsp;&nbsp;&nbsp;&nbsp;&nbsp;&nbsp;&nbsp;&nbsp;&nbsp;&nbsp;&nbsp;&nbsp;&nbsp;&nbsp;&nbsp;&nbsp;&nbsp;&nbsp;&nbsp;&nbsp;&nbsp;&nbsp;&nbsp;&nbsp;&nbsp;&nbsp;&nbsp;&nbsp;&nbsp;&nbsp;&nbsp;&nbsp;&nbsp;&nbsp;&nbsp;&nbsp;&nbsp;&nbsp;&nbsp;&nbsp;&nbsp;&nbsp;&nbsp;&nbsp;&nbsp;&nbsp;&nbsp;&nbsp;&nbsp;&nbsp;&nbsp;&nbsp;&nbsp;&nbsp;&nbsp;&nbsp;&nbsp;&nbsp;&nbsp;&nbsp;&nbsp;&nbsp;&nbsp;&nbsp;&nbsp;&nbsp;&nbsp;&nbsp;&nbsp;&nbsp;&nbsp;&nbsp;&nbsp;&nbsp;&nbsp;&nbsp;&nbsp;&nbsp;&nbsp;&nbsp;&nbsp;&nbsp;&nbsp;&nbsp;&nbsp;&nbsp;&nbsp;&nbsp;&nbsp;&nbsp;&nbsp;&nbsp;&nbsp;&nbsp;&nbsp;&nbsp;&nbsp;&nbsp;&nbsp;&nbsp;&nbsp;&nbsp;&nbsp;&nbsp;&nbsp;&nbsp;&nbsp;&nbsp;&nbsp;&nbsp;&nbsp;&nbsp;&nbsp;&nbsp; Emplacement de l&#8217;\u00e9tablissement&nbsp;:<\/div>\n<div>&nbsp;&nbsp;&nbsp;&nbsp;&nbsp;&nbsp;&nbsp;&nbsp;&nbsp;&nbsp;&nbsp;&nbsp;&nbsp;&nbsp;&nbsp;&nbsp;&nbsp;&nbsp;&nbsp;&nbsp;&nbsp;&nbsp;&nbsp;&nbsp;&nbsp;&nbsp;&nbsp;&nbsp;&nbsp;&nbsp;&nbsp;&nbsp;&nbsp;&nbsp;&nbsp;&nbsp;&nbsp;&nbsp;&nbsp;&nbsp;&nbsp;&nbsp;&nbsp;&nbsp;&nbsp;&nbsp;&nbsp;&nbsp;&nbsp;&nbsp;&nbsp;&nbsp;&nbsp;&nbsp;&nbsp;&nbsp;&nbsp;&nbsp;&nbsp;&nbsp;&nbsp;&nbsp;&nbsp;&nbsp;&nbsp;&nbsp;&nbsp;&nbsp;&nbsp;&nbsp;&nbsp;&nbsp;&nbsp;&nbsp;&nbsp;&nbsp;&nbsp;&nbsp;&nbsp;&nbsp;&nbsp;&nbsp;&nbsp;&nbsp;&nbsp;&nbsp;&nbsp;&nbsp;&nbsp;&nbsp; 45.3952826, 4.0163602 (sur <a href=\"https:\/\/maps.google.com\/maps?q=45.3952826%2C4.0163602\">Google Maps<\/a> et <a href=\"https:\/\/osm.org\/?mlat=45.3952826&amp;mlon=4.0163602&amp;zoom=15\">OpenStreetMap<\/a>)<\/div>\n<div>&nbsp;&nbsp;&nbsp;&nbsp;&nbsp;&nbsp;&nbsp;&nbsp;&nbsp;&nbsp;&nbsp;&nbsp;&nbsp;&nbsp;&nbsp;&nbsp;&nbsp;&nbsp;&nbsp;&nbsp;&nbsp;&nbsp;&nbsp;&nbsp;&nbsp;&nbsp;&nbsp;&nbsp;&nbsp;&nbsp;&nbsp;&nbsp;&nbsp; sur les GPS, rechercher chezperlette, 42380. Des panneaux en bois (sur la D14.2) indique que vous y \u00eates, vous n&#8217;avez plus qu&#8217;\u00e0 les suivre. <br><\/div>\n<div>&nbsp;<\/div>\n<div>&nbsp;&nbsp;&nbsp;&nbsp;&nbsp;&nbsp;&nbsp;&nbsp;&nbsp;&nbsp;&nbsp;&nbsp;&nbsp;&nbsp;&nbsp;&nbsp;&nbsp;&nbsp;&nbsp;&nbsp;&nbsp;&nbsp;&nbsp;&nbsp;&nbsp;&nbsp;&nbsp;&nbsp;&nbsp;&nbsp;&nbsp;&nbsp;&nbsp;&nbsp;&nbsp;&nbsp;&nbsp;&nbsp;&nbsp;&nbsp;&nbsp;&nbsp;&nbsp;&nbsp;&nbsp;&nbsp;&nbsp;&nbsp;&nbsp;&nbsp;&nbsp;&nbsp;&nbsp;&nbsp;&nbsp;&nbsp;&nbsp;&nbsp;&nbsp;&nbsp;&nbsp;&nbsp;&nbsp;&nbsp;&nbsp;&nbsp;&nbsp;&nbsp;&nbsp;&nbsp;&nbsp;&nbsp;&nbsp;&nbsp;&nbsp;&nbsp;<\/div>\n<hr>\n<\/div>\t\t\t\t\t\t<\/div>\n\t\t\t\t<\/div>\n\t\t\t\t\t<\/div>\n\t\t<\/div>\n\t\t\t\t\t<\/div>\n\t\t<\/section>\n\t\t\t\t<section class=\"elementor-section elementor-top-section elementor-element elementor-element-d1f3532 elementor-section-boxed elementor-section-height-default elementor-section-height-default\" data-id=\"d1f3532\" data-element_type=\"section\">\n\t\t\t\t\t\t<div class=\"elementor-container elementor-column-gap-default\">\n\t\t\t\t\t<div class=\"elementor-column elementor-col-100 elementor-top-column elementor-element elementor-element-3f983b4\" data-id=\"3f983b4\" data-element_type=\"column\">\n\t\t\t<div class=\"elementor-widget-wrap elementor-element-populated\">\n\t\t\t\t\t\t<div class=\"elementor-element elementor-element-d78dd0b elementor-widget elementor-widget-text-editor\" data-id=\"d78dd0b\" data-element_type=\"widget\" data-widget_type=\"text-editor.default\">\n\t\t\t\t<div class=\"elementor-widget-container\">\n\t\t\t\t\t\t\t<p style=\"text-align: center;\">Nous disposons de trois chambres (<b>au tarif de 69\u20ac, petit d\u00e9jeuner compris, par chambre et par nuit<\/b>), cr\u00e9\u00e9es et r\u00e9nov\u00e9es avec go\u00fbt en 2022, dans une b\u00e2tisse historique. Sont \u00e9galement \u00e0 disposition de nos h\u00f4tes une cuisine et un espace d\u00e9tente.<\/p>\n<p>&nbsp;Un parking gratuit pour les voitures est \u00e0 votre disposition.<\/p>\n<p>&nbsp;Pour les motards, un garage gratuit (mes motos seront heureuses d&#8217;avoir de la compagnie) est disponible avec tout ce qu&#8217;il faut pour faire des r\u00e9parations et passer un moment convivial entre motards.<\/p>\n<p>&nbsp;Il y aussi la possibilit\u00e9 de recharger les v\u00e9los et voitures \u00e9lectriques (une participation sera demand\u00e9e).<br><\/p>\n<p><\/p>\n<p style=\"text-align: center;\">\n<\/p>\t\t\t\t\t\t<\/div>\n\t\t\t\t<\/div>\n\t\t\t\t\t<\/div>\n\t\t<\/div>\n\t\t\t\t\t<\/div>\n\t\t<\/section>\n\t\t\t\t<section class=\"elementor-section elementor-top-section elementor-element elementor-element-250de88 elementor-section-boxed elementor-section-height-default elementor-section-height-default\" data-id=\"250de88\" data-element_type=\"section\">\n\t\t\t\t\t\t<div class=\"elementor-container elementor-column-gap-default\">\n\t\t\t\t\t<div class=\"elementor-column elementor-col-100 elementor-top-column elementor-element elementor-element-76ea30f\" data-id=\"76ea30f\" data-element_type=\"column\">\n\t\t\t<div class=\"elementor-widget-wrap elementor-element-populated\">\n\t\t\t\t\t\t<div class=\"elementor-element elementor-element-199dca0 elementor-arrows-position-inside elementor-pagination-position-outside elementor-widget elementor-widget-image-carousel\" data-id=\"199dca0\" data-element_type=\"widget\" data-settings=\"{&quot;slides_to_show&quot;:&quot;1&quot;,&quot;navigation&quot;:&quot;both&quot;,&quot;autoplay&quot;:&quot;yes&quot;,&quot;pause_on_hover&quot;:&quot;yes&quot;,&quot;pause_on_interaction&quot;:&quot;yes&quot;,&quot;autoplay_speed&quot;:5000,&quot;infinite&quot;:&quot;yes&quot;,&quot;effect&quot;:&quot;slide&quot;,&quot;speed&quot;:500}\" data-widget_type=\"image-carousel.default\">\n\t\t\t\t<div class=\"elementor-widget-container\">\n\t\t\t<style>\/*! elementor - v3.19.0 - 26-02-2024 *\/\n.elementor-widget-image-carousel .swiper,.elementor-widget-image-carousel .swiper-container{position:static}.elementor-widget-image-carousel .swiper-container .swiper-slide figure,.elementor-widget-image-carousel .swiper .swiper-slide figure{line-height:inherit}.elementor-widget-image-carousel .swiper-slide{text-align:center}.elementor-image-carousel-wrapper:not(.swiper-container-initialized):not(.swiper-initialized) .swiper-slide{max-width:calc(100% \/ var(--e-image-carousel-slides-to-show, 3))}<\/style>\t\t<div class=\"elementor-image-carousel-wrapper swiper-container\" dir=\"ltr\">\n\t\t\t<div class=\"elementor-image-carousel swiper-wrapper\" aria-live=\"off\">\n\t\t\t\t\t\t\t\t<div class=\"swiper-slide\" role=\"group\" aria-roledescription=\"slide\" aria-label=\"1 sur 8\"><a data-elementor-open-lightbox=\"yes\" data-elementor-lightbox-slideshow=\"199dca0\" data-elementor-lightbox-title=\"Chambre Ananas\" data-e-action-hash=\"#elementor-action%3Aaction%3Dlightbox%26settings%3DeyJpZCI6MTQ2LCJ1cmwiOiJodHRwczpcL1wvY2hlenBlcmxldHRlLmZyXC93cC1jb250ZW50XC91cGxvYWRzXC8yMDIyXC8wOFwvMjAyMjA4MDNfMTE0MTI1LTEtc2NhbGVkLmpwZyIsInNsaWRlc2hvdyI6IjE5OWRjYTAifQ%3D%3D\" href=\"https:\/\/chezperlette.fr\/wp-content\/uploads\/2022\/08\/20220803_114125-1-scaled.jpg\"><figure class=\"swiper-slide-inner\"><img decoding=\"async\" class=\"swiper-slide-image\" src=\"https:\/\/chezperlette.fr\/wp-content\/uploads\/2022\/08\/20220803_114125-1-scaled.jpg\" alt=\"Chambre d&#039;h\u00f4tes Babet \u00e0 Merle Leignec, chambre d&#039;h\u00f4tes en Auvergne Rh\u00f4ne Alpes, chambre d&#039;h\u00f4tes Saint \u00c9tienne\" \/><\/figure><\/a><\/div><div class=\"swiper-slide\" role=\"group\" aria-roledescription=\"slide\" aria-label=\"2 sur 8\"><a data-elementor-open-lightbox=\"yes\" data-elementor-lightbox-slideshow=\"199dca0\" data-elementor-lightbox-title=\"Chambre Charbon\" data-e-action-hash=\"#elementor-action%3Aaction%3Dlightbox%26settings%3DeyJpZCI6MjExLCJ1cmwiOiJodHRwczpcL1wvY2hlenBlcmxldHRlLmZyXC93cC1jb250ZW50XC91cGxvYWRzXC8yMDIyXC8wOFwvMjAyMjA4MjRfMTI0NjE1LXNjYWxlZC5qcGciLCJzbGlkZXNob3ciOiIxOTlkY2EwIn0%3D\" href=\"https:\/\/chezperlette.fr\/wp-content\/uploads\/2022\/08\/20220824_124615-scaled.jpg\"><figure class=\"swiper-slide-inner\"><img decoding=\"async\" class=\"swiper-slide-image\" src=\"https:\/\/chezperlette.fr\/wp-content\/uploads\/2022\/08\/20220824_124615-scaled.jpg\" alt=\"Chambre d&#039;h\u00f4tes Babet \u00e0 Merle Leignec, chambre d&#039;h\u00f4tes en Auvergne Rh\u00f4ne Alpes, chambre d&#039;h\u00f4tes Saint \u00c9tienne\" \/><\/figure><\/a><\/div><div class=\"swiper-slide\" role=\"group\" aria-roledescription=\"slide\" aria-label=\"3 sur 8\"><a data-elementor-open-lightbox=\"yes\" data-elementor-lightbox-slideshow=\"199dca0\" data-elementor-lightbox-title=\"Chambre Babet\" data-e-action-hash=\"#elementor-action%3Aaction%3Dlightbox%26settings%3DeyJpZCI6MjQzLCJ1cmwiOiJodHRwczpcL1wvY2hlenBlcmxldHRlLmZyXC93cC1jb250ZW50XC91cGxvYWRzXC8yMDIyXC8wOFwvMjAyMjA4MjdfMTc1ODA0LXNjYWxlZC5qcGciLCJzbGlkZXNob3ciOiIxOTlkY2EwIn0%3D\" href=\"https:\/\/chezperlette.fr\/wp-content\/uploads\/2022\/08\/20220827_175804-scaled.jpg\"><figure class=\"swiper-slide-inner\"><img decoding=\"async\" class=\"swiper-slide-image\" src=\"https:\/\/chezperlette.fr\/wp-content\/uploads\/2022\/08\/20220827_175804-scaled.jpg\" alt=\"Chambre d&#039;h\u00f4tes Babet \u00e0 Merle Leignec, chambre d&#039;h\u00f4tes en Auvergne Rh\u00f4ne Alpes, chambre d&#039;h\u00f4tes Saint \u00c9tienne\" \/><\/figure><\/a><\/div><div class=\"swiper-slide\" role=\"group\" aria-roledescription=\"slide\" aria-label=\"4 sur 8\"><a data-elementor-open-lightbox=\"yes\" data-elementor-lightbox-slideshow=\"199dca0\" data-elementor-lightbox-title=\"Espace commun\" data-e-action-hash=\"#elementor-action%3Aaction%3Dlightbox%26settings%3DeyJpZCI6Mjc4LCJ1cmwiOiJodHRwczpcL1wvY2hlenBlcmxldHRlLmZyXC93cC1jb250ZW50XC91cGxvYWRzXC8yMDIyXC8wOFwvMjAyMjA4MjdfMTcyNjQwLXNjYWxlZC5qcGciLCJzbGlkZXNob3ciOiIxOTlkY2EwIn0%3D\" href=\"https:\/\/chezperlette.fr\/wp-content\/uploads\/2022\/08\/20220827_172640-scaled.jpg\"><figure class=\"swiper-slide-inner\"><img decoding=\"async\" class=\"swiper-slide-image\" src=\"https:\/\/chezperlette.fr\/wp-content\/uploads\/2022\/08\/20220827_172640-scaled.jpg\" alt=\"Chambre d&#039;h\u00f4tes Babet \u00e0 Merle Leignec, chambre d&#039;h\u00f4tes en Auvergne Rh\u00f4ne Alpes, chambre d&#039;h\u00f4tes Saint \u00c9tienne\" \/><\/figure><\/a><\/div><div class=\"swiper-slide\" role=\"group\" aria-roledescription=\"slide\" aria-label=\"5 sur 8\"><a data-elementor-open-lightbox=\"yes\" data-elementor-lightbox-slideshow=\"199dca0\" data-elementor-lightbox-title=\"Espace cuisine\" data-e-action-hash=\"#elementor-action%3Aaction%3Dlightbox%26settings%3DeyJpZCI6Mjc5LCJ1cmwiOiJodHRwczpcL1wvY2hlenBlcmxldHRlLmZyXC93cC1jb250ZW50XC91cGxvYWRzXC8yMDIyXC8wOFwvMjAyMjA4MjhfMTYxNzIyLXNjYWxlZC5qcGciLCJzbGlkZXNob3ciOiIxOTlkY2EwIn0%3D\" href=\"https:\/\/chezperlette.fr\/wp-content\/uploads\/2022\/08\/20220828_161722-scaled.jpg\"><figure class=\"swiper-slide-inner\"><img decoding=\"async\" class=\"swiper-slide-image\" src=\"https:\/\/chezperlette.fr\/wp-content\/uploads\/2022\/08\/20220828_161722-scaled.jpg\" alt=\"Chambre d&#039;h\u00f4tes Babet \u00e0 Merle Leignec, chambre d&#039;h\u00f4tes en Auvergne Rh\u00f4ne Alpes, chambre d&#039;h\u00f4tes Saint \u00c9tienne\" \/><\/figure><\/a><\/div><div class=\"swiper-slide\" role=\"group\" aria-roledescription=\"slide\" aria-label=\"6 sur 8\"><a data-elementor-open-lightbox=\"yes\" data-elementor-lightbox-slideshow=\"199dca0\" data-elementor-lightbox-title=\"Espace commun\" data-e-action-hash=\"#elementor-action%3Aaction%3Dlightbox%26settings%3DeyJpZCI6MjgwLCJ1cmwiOiJodHRwczpcL1wvY2hlenBlcmxldHRlLmZyXC93cC1jb250ZW50XC91cGxvYWRzXC8yMDIyXC8wOFwvMjAyMjA4MjhfMTYyMTU5LXNjYWxlZC5qcGciLCJzbGlkZXNob3ciOiIxOTlkY2EwIn0%3D\" href=\"https:\/\/chezperlette.fr\/wp-content\/uploads\/2022\/08\/20220828_162159-scaled.jpg\"><figure class=\"swiper-slide-inner\"><img decoding=\"async\" class=\"swiper-slide-image\" src=\"https:\/\/chezperlette.fr\/wp-content\/uploads\/2022\/08\/20220828_162159-scaled.jpg\" alt=\"Chambre d&#039;h\u00f4tes Babet \u00e0 Merle Leignec, chambre d&#039;h\u00f4tes en Auvergne Rh\u00f4ne Alpes, chambre d&#039;h\u00f4tes Saint \u00c9tienne\" \/><\/figure><\/a><\/div><div class=\"swiper-slide\" role=\"group\" aria-roledescription=\"slide\" aria-label=\"7 sur 8\"><a data-elementor-open-lightbox=\"yes\" data-elementor-lightbox-slideshow=\"199dca0\" data-elementor-lightbox-title=\"Espace commun\" data-e-action-hash=\"#elementor-action%3Aaction%3Dlightbox%26settings%3DeyJpZCI6MjgxLCJ1cmwiOiJodHRwczpcL1wvY2hlenBlcmxldHRlLmZyXC93cC1jb250ZW50XC91cGxvYWRzXC8yMDIyXC8wOFwvSU1HXzIwMjIwODI4XzE3NDA0OF80MjcuanBnIiwic2xpZGVzaG93IjoiMTk5ZGNhMCJ9\" href=\"https:\/\/chezperlette.fr\/wp-content\/uploads\/2022\/08\/IMG_20220828_174048_427.jpg\"><figure class=\"swiper-slide-inner\"><img decoding=\"async\" class=\"swiper-slide-image\" src=\"https:\/\/chezperlette.fr\/wp-content\/uploads\/2022\/08\/IMG_20220828_174048_427.jpg\" alt=\"Chambre d&#039;h\u00f4tes Babet \u00e0 Merle Leignec, chambre d&#039;h\u00f4tes en Auvergne Rh\u00f4ne Alpes, chambre d&#039;h\u00f4tes Saint \u00c9tienne\" \/><\/figure><\/a><\/div><div class=\"swiper-slide\" role=\"group\" aria-roledescription=\"slide\" aria-label=\"8 sur 8\"><a data-elementor-open-lightbox=\"yes\" data-elementor-lightbox-slideshow=\"199dca0\" data-elementor-lightbox-title=\"Salle de bain chambre Ananas\" data-e-action-hash=\"#elementor-action%3Aaction%3Dlightbox%26settings%3DeyJpZCI6MTQ4LCJ1cmwiOiJodHRwczpcL1wvY2hlenBlcmxldHRlLmZyXC93cC1jb250ZW50XC91cGxvYWRzXC8yMDIyXC8wOFwvMjAyMjA4MDNfMTE0MjIzLXNjYWxlZC5qcGciLCJzbGlkZXNob3ciOiIxOTlkY2EwIn0%3D\" href=\"https:\/\/chezperlette.fr\/wp-content\/uploads\/2022\/08\/20220803_114223-scaled.jpg\"><figure class=\"swiper-slide-inner\"><img decoding=\"async\" class=\"swiper-slide-image\" src=\"https:\/\/chezperlette.fr\/wp-content\/uploads\/2022\/08\/20220803_114223-scaled.jpg\" alt=\"Chambre d&#039;h\u00f4tes Babet \u00e0 Merle Leignec, chambre d&#039;h\u00f4tes en Auvergne Rh\u00f4ne Alpes, chambre d&#039;h\u00f4tes Saint \u00c9tienne\" \/><\/figure><\/a><\/div>\t\t\t<\/div>\n\t\t\t\t\t\t\t\t\t\t\t\t<div class=\"elementor-swiper-button elementor-swiper-button-prev\" role=\"button\" tabindex=\"0\">\n\t\t\t\t\t\t<i aria-hidden=\"true\" class=\"eicon-chevron-left\"><\/i>\t\t\t\t\t<\/div>\n\t\t\t\t\t<div class=\"elementor-swiper-button elementor-swiper-button-next\" role=\"button\" tabindex=\"0\">\n\t\t\t\t\t\t<i aria-hidden=\"true\" class=\"eicon-chevron-right\"><\/i>\t\t\t\t\t<\/div>\n\t\t\t\t\n\t\t\t\t\t\t\t\t\t<div class=\"swiper-pagination\"><\/div>\n\t\t\t\t\t\t\t\t\t<\/div>\n\t\t\t\t<\/div>\n\t\t\t\t<\/div>\n\t\t\t\t\t<\/div>\n\t\t<\/div>\n\t\t\t\t\t<\/div>\n\t\t<\/section>\n\t\t\t\t<\/div>\n\t\t","protected":false},"excerpt":{"rendered":"<p>Chambres d&#8217;h\u00f4tes \u00e0 Merle-Leignec &nbsp; Chez Perlette, V\u00e9ronique sera ravie de vous accueillir pour d\u00e9couvrir sa belle r\u00e9gion dans un cadre agr\u00e9able et reposant. &nbsp;&nbsp;&nbsp;&nbsp;&nbsp;&nbsp;&nbsp;&nbsp;&nbsp;&nbsp;&nbsp;&nbsp;&nbsp;&nbsp;&nbsp;&nbsp;&nbsp;&nbsp;&nbsp;&nbsp;&nbsp;&nbsp;&nbsp;&nbsp;&nbsp;&nbsp;&nbsp;&nbsp;&nbsp;&nbsp;&nbsp;&nbsp;&nbsp;&nbsp;&nbsp;&nbsp;&nbsp;&nbsp;&nbsp;&nbsp;&nbsp;&nbsp;&nbsp;&nbsp;&nbsp;&nbsp;&nbsp;&nbsp;&nbsp;&nbsp;&nbsp;&nbsp;&nbsp;&nbsp;&nbsp;&nbsp;&nbsp;&nbsp;&nbsp;&nbsp;&nbsp;&nbsp;&nbsp;&nbsp;&nbsp;&nbsp;&nbsp;&nbsp;&nbsp;&nbsp;&nbsp;&nbsp;&nbsp;&nbsp;&nbsp;&nbsp;&nbsp;&nbsp;&nbsp;&nbsp;&nbsp;&nbsp;&nbsp;&nbsp;&nbsp;&nbsp;&nbsp;&nbsp;&nbsp;&nbsp;&nbsp;&nbsp;&nbsp;&nbsp;&nbsp;&nbsp;&nbsp; Au 439 hameau de la plagne \u00e0 Merle (42380 Merle-leignec) &nbsp;&nbsp;&nbsp;&nbsp;&nbsp;&nbsp;&nbsp;&nbsp;&nbsp;&nbsp;&nbsp;&nbsp;&nbsp;&nbsp;&nbsp;&nbsp;&nbsp;&nbsp;&nbsp;&nbsp;&nbsp;&nbsp;&nbsp;&nbsp;&nbsp;&nbsp;&nbsp;&nbsp;&nbsp;&nbsp;&nbsp;&nbsp;&nbsp;&nbsp;&nbsp;&nbsp;&nbsp;&nbsp;&nbsp;&nbsp;&nbsp;&nbsp;&nbsp;&nbsp;&nbsp;&nbsp;&nbsp;&nbsp;&nbsp;&nbsp;&nbsp;&nbsp;&nbsp;&nbsp;&nbsp;&nbsp;&nbsp;&nbsp;&nbsp;&nbsp;&nbsp;&nbsp;&nbsp;&nbsp;&nbsp;&nbsp;&nbsp;&nbsp;&nbsp;&nbsp;&nbsp;&nbsp;&nbsp;&nbsp;&nbsp;&nbsp;&nbsp;&nbsp;&nbsp;&nbsp;&nbsp;&nbsp;&nbsp;&nbsp;&nbsp;&nbsp;&nbsp;&nbsp;&nbsp;&nbsp;&nbsp;&nbsp;&nbsp;&nbsp;&nbsp;&nbsp;&nbsp;&nbsp;&nbsp;&nbsp;&nbsp;&nbsp;&nbsp;&nbsp;&nbsp;&nbsp;&nbsp;&nbsp;&nbsp;&nbsp;&nbsp;&nbsp;&nbsp;&nbsp; Emplacement de l&#8217;\u00e9tablissement&nbsp;: &nbsp;&nbsp;&nbsp;&nbsp;&nbsp;&nbsp;&nbsp;&nbsp;&nbsp;&nbsp;&nbsp;&nbsp;&nbsp;&nbsp;&nbsp;&nbsp;&nbsp;&nbsp;&nbsp;&nbsp;&nbsp;&nbsp;&nbsp;&nbsp;&nbsp;&nbsp;&nbsp;&nbsp;&nbsp;&nbsp;&nbsp;&nbsp;&nbsp;&nbsp;&nbsp;&nbsp;&nbsp;&nbsp;&nbsp;&nbsp;&nbsp;&nbsp;&nbsp;&nbsp;&nbsp;&nbsp;&nbsp;&nbsp;&nbsp;&nbsp;&nbsp;&nbsp;&nbsp;&nbsp;&nbsp;&nbsp;&nbsp;&nbsp;&nbsp;&nbsp;&nbsp;&nbsp;&nbsp;&nbsp;&nbsp;&nbsp;&nbsp;&nbsp;&nbsp;&nbsp;&nbsp;&nbsp;&nbsp;&nbsp;&nbsp;&nbsp;&nbsp;&nbsp;&nbsp;&nbsp;&nbsp;&nbsp;&nbsp;&nbsp;&nbsp;&nbsp;&nbsp;&nbsp;&nbsp;&nbsp; 45.3952826, 4.0163602 (sur Google Maps et OpenStreetMap) &nbsp;&nbsp;&nbsp;&nbsp;&nbsp;&nbsp;&nbsp;&nbsp;&nbsp;&nbsp;&nbsp;&nbsp;&nbsp;&nbsp;&nbsp;&nbsp;&nbsp;&nbsp;&nbsp;&nbsp;&nbsp;&nbsp;&nbsp;&nbsp;&nbsp;&nbsp;&nbsp;&nbsp;&nbsp;&nbsp;&nbsp;&nbsp;&nbsp; sur les GPS, rechercher chezperlette, 42380. Des <a class=\"read-more\" href=\"https:\/\/chezperlette.fr\/\">READ MORE<\/a><\/p>\n","protected":false},"author":1,"featured_media":400,"parent":0,"menu_order":0,"comment_status":"closed","ping_status":"closed","template":"","meta":{"om_disable_all_campaigns":false,"_monsterinsights_skip_tracking":false,"_monsterinsights_sitenote_active":false,"_monsterinsights_sitenote_note":"","_monsterinsights_sitenote_category":0,"footnotes":""},"aioseo_notices":[],"_links":{"self":[{"href":"https:\/\/chezperlette.fr\/index.php\/wp-json\/wp\/v2\/pages\/24"}],"collection":[{"href":"https:\/\/chezperlette.fr\/index.php\/wp-json\/wp\/v2\/pages"}],"about":[{"href":"https:\/\/chezperlette.fr\/index.php\/wp-json\/wp\/v2\/types\/page"}],"author":[{"embeddable":true,"href":"https:\/\/chezperlette.fr\/index.php\/wp-json\/wp\/v2\/users\/1"}],"replies":[{"embeddable":true,"href":"https:\/\/chezperlette.fr\/index.php\/wp-json\/wp\/v2\/comments?post=24"}],"version-history":[{"count":92,"href":"https:\/\/chezperlette.fr\/index.php\/wp-json\/wp\/v2\/pages\/24\/revisions"}],"predecessor-version":[{"id":522,"href":"https:\/\/chezperlette.fr\/index.php\/wp-json\/wp\/v2\/pages\/24\/revisions\/522"}],"wp:featuredmedia":[{"embeddable":true,"href":"https:\/\/chezperlette.fr\/index.php\/wp-json\/wp\/v2\/media\/400"}],"wp:attachment":[{"href":"https:\/\/chezperlette.fr\/index.php\/wp-json\/wp\/v2\/media?parent=24"}],"curies":[{"name":"wp","href":"https:\/\/api.w.org\/{rel}","templated":true}]}}