{"id":58,"date":"2022-07-04T12:21:04","date_gmt":"2022-07-04T10:21:04","guid":{"rendered":"http:\/\/chezperlette.fr\/?page_id=58"},"modified":"2025-11-24T11:16:11","modified_gmt":"2025-11-24T10:16:11","slug":"les-chambres","status":"publish","type":"page","link":"https:\/\/chezperlette.fr\/index.php\/les-chambres\/","title":{"rendered":"Les chambres"},"content":{"rendered":"\t\t<div data-elementor-type=\"wp-page\" data-elementor-id=\"58\" class=\"elementor elementor-58\">\n\t\t\t\t\t\t<section class=\"elementor-section elementor-top-section elementor-element elementor-element-aa7a64b elementor-section-boxed elementor-section-height-default elementor-section-height-default\" data-id=\"aa7a64b\" data-element_type=\"section\">\n\t\t\t\t\t\t<div class=\"elementor-container elementor-column-gap-default\">\n\t\t\t\t\t<div class=\"elementor-column elementor-col-100 elementor-top-column elementor-element elementor-element-a3371df\" data-id=\"a3371df\" data-element_type=\"column\">\n\t\t\t<div class=\"elementor-widget-wrap elementor-element-populated\">\n\t\t\t\t\t\t<div class=\"elementor-element elementor-element-52e6c40 elementor-widget elementor-widget-text-editor\" data-id=\"52e6c40\" data-element_type=\"widget\" data-widget_type=\"text-editor.default\">\n\t\t\t\t<div class=\"elementor-widget-container\">\n\t\t\t<style>\/*! elementor - v3.19.0 - 26-02-2024 *\/\n.elementor-widget-text-editor.elementor-drop-cap-view-stacked .elementor-drop-cap{background-color:#69727d;color:#fff}.elementor-widget-text-editor.elementor-drop-cap-view-framed .elementor-drop-cap{color:#69727d;border:3px solid;background-color:transparent}.elementor-widget-text-editor:not(.elementor-drop-cap-view-default) .elementor-drop-cap{margin-top:8px}.elementor-widget-text-editor:not(.elementor-drop-cap-view-default) .elementor-drop-cap-letter{width:1em;height:1em}.elementor-widget-text-editor .elementor-drop-cap{float:left;text-align:center;line-height:1;font-size:50px}.elementor-widget-text-editor .elementor-drop-cap-letter{display:inline-block}<\/style>\t\t\t\t<p>Nous disposons de trois chambres d&#8217;h\u00f4tes disponibles \u00e0 la location. <\/p><p>Chaque location donne acc\u00e8s \u00e0 un espace d\u00e9tente et cuisine commune, avec la possibilit\u00e9 de se faire \u00e0 manger (plaques de cuisson, r\u00e9frig\u00e9rateur, cafeti\u00e8re).<\/p><p>Le petit d\u00e9jeuner sucr\u00e9 et \/ ou sal\u00e9 (en fonction de vos envies) et servi dans l&#8217;espace cuisine de 7h \u00e0 10h. Si besoin nous pouvons nous mettre d&#8217;accord sur des horaires sp\u00e9cifiques.<\/p><p>\u00a0<\/p>\t\t\t\t\t\t<\/div>\n\t\t\t\t<\/div>\n\t\t\t\t\t<\/div>\n\t\t<\/div>\n\t\t\t\t\t<\/div>\n\t\t<\/section>\n\t\t\t\t<section class=\"elementor-section elementor-top-section elementor-element elementor-element-3ca71d9 elementor-section-boxed elementor-section-height-default elementor-section-height-default\" data-id=\"3ca71d9\" data-element_type=\"section\">\n\t\t\t\t\t\t<div class=\"elementor-container elementor-column-gap-default\">\n\t\t\t\t\t<div class=\"elementor-column elementor-col-100 elementor-top-column elementor-element elementor-element-1c06fc0\" data-id=\"1c06fc0\" data-element_type=\"column\">\n\t\t\t<div class=\"elementor-widget-wrap elementor-element-populated\">\n\t\t\t\t\t\t<section class=\"elementor-section elementor-inner-section elementor-element elementor-element-7c22e40 elementor-section-boxed elementor-section-height-default elementor-section-height-default\" data-id=\"7c22e40\" data-element_type=\"section\">\n\t\t\t\t\t\t<div class=\"elementor-container elementor-column-gap-default\">\n\t\t\t\t\t<div class=\"elementor-column elementor-col-50 elementor-inner-column elementor-element elementor-element-b35e15a\" data-id=\"b35e15a\" data-element_type=\"column\">\n\t\t\t<div class=\"elementor-widget-wrap elementor-element-populated\">\n\t\t\t\t\t\t<div class=\"elementor-element elementor-element-bf2d587 elementor-widget elementor-widget-heading\" data-id=\"bf2d587\" data-element_type=\"widget\" data-widget_type=\"heading.default\">\n\t\t\t\t<div class=\"elementor-widget-container\">\n\t\t\t<style>\/*! elementor - v3.19.0 - 26-02-2024 *\/\n.elementor-heading-title{padding:0;margin:0;line-height:1}.elementor-widget-heading .elementor-heading-title[class*=elementor-size-]>a{color:inherit;font-size:inherit;line-height:inherit}.elementor-widget-heading .elementor-heading-title.elementor-size-small{font-size:15px}.elementor-widget-heading .elementor-heading-title.elementor-size-medium{font-size:19px}.elementor-widget-heading .elementor-heading-title.elementor-size-large{font-size:29px}.elementor-widget-heading .elementor-heading-title.elementor-size-xl{font-size:39px}.elementor-widget-heading .elementor-heading-title.elementor-size-xxl{font-size:59px}<\/style><h2 class=\"elementor-heading-title elementor-size-default\">CHAMBRE BARABAN<\/h2>\t\t<\/div>\n\t\t\t\t<\/div>\n\t\t\t\t<div class=\"elementor-element elementor-element-5e27450 elementor-widget elementor-widget-text-editor\" data-id=\"5e27450\" data-element_type=\"widget\" data-widget_type=\"text-editor.default\">\n\t\t\t\t<div class=\"elementor-widget-container\">\n\t\t\t\t\t\t\t<p>Chambre pour 2 personnes<\/p><p>71\u20ac \/ nuit (petit d\u00e9jeuner inclus). Sur r\u00e9servation, le repas du soir peut-\u00eatre servi (15\u20ac par personne).<\/p><p>Pour en savoir plus <a href=\"https:\/\/chezperlette.fr\/index.php\/chambre-ananas\/\">cliquez ici<\/a><\/p>\t\t\t\t\t\t<\/div>\n\t\t\t\t<\/div>\n\t\t\t\t\t<\/div>\n\t\t<\/div>\n\t\t\t\t<div class=\"elementor-column elementor-col-50 elementor-inner-column elementor-element elementor-element-37198d9\" data-id=\"37198d9\" data-element_type=\"column\">\n\t\t\t<div class=\"elementor-widget-wrap elementor-element-populated\">\n\t\t\t\t\t\t<div class=\"elementor-element elementor-element-227cd38 elementor-widget elementor-widget-image\" data-id=\"227cd38\" data-element_type=\"widget\" data-widget_type=\"image.default\">\n\t\t\t\t<div class=\"elementor-widget-container\">\n\t\t\t<style>\/*! elementor - v3.19.0 - 26-02-2024 *\/\n.elementor-widget-image{text-align:center}.elementor-widget-image a{display:inline-block}.elementor-widget-image a img[src$=\".svg\"]{width:48px}.elementor-widget-image img{vertical-align:middle;display:inline-block}<\/style>\t\t\t\t\t\t\t\t\t\t<img fetchpriority=\"high\" decoding=\"async\" width=\"837\" height=\"377\" src=\"https:\/\/chezperlette.fr\/wp-content\/uploads\/2022\/08\/20220803_114125-1-1024x461.jpg\" class=\"attachment-large size-large wp-image-146\" alt=\"\" srcset=\"https:\/\/chezperlette.fr\/wp-content\/uploads\/2022\/08\/20220803_114125-1-1024x461.jpg 1024w, https:\/\/chezperlette.fr\/wp-content\/uploads\/2022\/08\/20220803_114125-1-300x135.jpg 300w, https:\/\/chezperlette.fr\/wp-content\/uploads\/2022\/08\/20220803_114125-1-768x346.jpg 768w, https:\/\/chezperlette.fr\/wp-content\/uploads\/2022\/08\/20220803_114125-1-1536x692.jpg 1536w, https:\/\/chezperlette.fr\/wp-content\/uploads\/2022\/08\/20220803_114125-1-2048x922.jpg 2048w\" sizes=\"(max-width: 837px) 100vw, 837px\" \/>\t\t\t\t\t\t\t\t\t\t\t\t\t<\/div>\n\t\t\t\t<\/div>\n\t\t\t\t\t<\/div>\n\t\t<\/div>\n\t\t\t\t\t<\/div>\n\t\t<\/section>\n\t\t\t\t\t<\/div>\n\t\t<\/div>\n\t\t\t\t\t<\/div>\n\t\t<\/section>\n\t\t\t\t<section class=\"elementor-section elementor-top-section elementor-element elementor-element-fa8d65f elementor-section-boxed elementor-section-height-default elementor-section-height-default\" data-id=\"fa8d65f\" data-element_type=\"section\">\n\t\t\t\t\t\t<div class=\"elementor-container elementor-column-gap-default\">\n\t\t\t\t\t<div class=\"elementor-column elementor-col-100 elementor-top-column elementor-element elementor-element-7f669ea\" data-id=\"7f669ea\" data-element_type=\"column\">\n\t\t\t<div class=\"elementor-widget-wrap elementor-element-populated\">\n\t\t\t\t\t\t<section class=\"elementor-section elementor-inner-section elementor-element elementor-element-8310fef elementor-section-boxed elementor-section-height-default elementor-section-height-default\" data-id=\"8310fef\" data-element_type=\"section\">\n\t\t\t\t\t\t<div class=\"elementor-container elementor-column-gap-default\">\n\t\t\t\t\t<div class=\"elementor-column elementor-col-50 elementor-inner-column elementor-element elementor-element-5342449\" data-id=\"5342449\" data-element_type=\"column\">\n\t\t\t<div class=\"elementor-widget-wrap elementor-element-populated\">\n\t\t\t\t\t\t<div class=\"elementor-element elementor-element-3d6409c elementor-widget elementor-widget-heading\" data-id=\"3d6409c\" data-element_type=\"widget\" data-widget_type=\"heading.default\">\n\t\t\t\t<div class=\"elementor-widget-container\">\n\t\t\t<h2 class=\"elementor-heading-title elementor-size-default\">CHAMBRE CHARBON<\/h2>\t\t<\/div>\n\t\t\t\t<\/div>\n\t\t\t\t<div class=\"elementor-element elementor-element-d837139 elementor-widget elementor-widget-text-editor\" data-id=\"d837139\" data-element_type=\"widget\" data-widget_type=\"text-editor.default\">\n\t\t\t\t<div class=\"elementor-widget-container\">\n\t\t\t\t\t\t\t<p>Chambre pour 2 personnes<\/p><p>71\u20ac \/ nuit (petit d\u00e9jeuner inclus). Sur r\u00e9servation, le repas du soir peut-\u00eatre servi (15\u20ac par personne).<\/p><p>Pour en savoir plus <a href=\"https:\/\/chezperlette.fr\/index.php\/chambre-charbon\/\" rel=\"noopener\">cliquez ici<\/a><\/p>\t\t\t\t\t\t<\/div>\n\t\t\t\t<\/div>\n\t\t\t\t\t<\/div>\n\t\t<\/div>\n\t\t\t\t<div class=\"elementor-column elementor-col-50 elementor-inner-column elementor-element elementor-element-4d72816\" data-id=\"4d72816\" data-element_type=\"column\">\n\t\t\t<div class=\"elementor-widget-wrap elementor-element-populated\">\n\t\t\t\t\t\t<div class=\"elementor-element elementor-element-ae29833 elementor-widget elementor-widget-image\" data-id=\"ae29833\" data-element_type=\"widget\" data-widget_type=\"image.default\">\n\t\t\t\t<div class=\"elementor-widget-container\">\n\t\t\t\t\t\t\t\t\t\t\t\t\t<img decoding=\"async\" width=\"837\" height=\"377\" src=\"https:\/\/chezperlette.fr\/wp-content\/uploads\/2022\/08\/20220824_124615-1024x461.jpg\" class=\"attachment-large size-large wp-image-211\" alt=\"\" srcset=\"https:\/\/chezperlette.fr\/wp-content\/uploads\/2022\/08\/20220824_124615-1024x461.jpg 1024w, https:\/\/chezperlette.fr\/wp-content\/uploads\/2022\/08\/20220824_124615-300x135.jpg 300w, https:\/\/chezperlette.fr\/wp-content\/uploads\/2022\/08\/20220824_124615-768x346.jpg 768w, https:\/\/chezperlette.fr\/wp-content\/uploads\/2022\/08\/20220824_124615-1536x692.jpg 1536w, https:\/\/chezperlette.fr\/wp-content\/uploads\/2022\/08\/20220824_124615-2048x922.jpg 2048w\" sizes=\"(max-width: 837px) 100vw, 837px\" \/>\t\t\t\t\t\t\t\t\t\t\t\t\t<\/div>\n\t\t\t\t<\/div>\n\t\t\t\t\t<\/div>\n\t\t<\/div>\n\t\t\t\t\t<\/div>\n\t\t<\/section>\n\t\t\t\t\t<\/div>\n\t\t<\/div>\n\t\t\t\t\t<\/div>\n\t\t<\/section>\n\t\t\t\t<section class=\"elementor-section elementor-top-section elementor-element elementor-element-cad84e5 elementor-section-boxed elementor-section-height-default elementor-section-height-default\" data-id=\"cad84e5\" data-element_type=\"section\">\n\t\t\t\t\t\t<div class=\"elementor-container elementor-column-gap-default\">\n\t\t\t\t\t<div class=\"elementor-column elementor-col-100 elementor-top-column elementor-element elementor-element-00274e0\" data-id=\"00274e0\" data-element_type=\"column\">\n\t\t\t<div class=\"elementor-widget-wrap elementor-element-populated\">\n\t\t\t\t\t\t<section class=\"elementor-section elementor-inner-section elementor-element elementor-element-1056408 elementor-section-boxed elementor-section-height-default elementor-section-height-default\" data-id=\"1056408\" data-element_type=\"section\">\n\t\t\t\t\t\t<div class=\"elementor-container elementor-column-gap-default\">\n\t\t\t\t\t<div class=\"elementor-column elementor-col-50 elementor-inner-column elementor-element elementor-element-11703fc\" data-id=\"11703fc\" data-element_type=\"column\">\n\t\t\t<div class=\"elementor-widget-wrap elementor-element-populated\">\n\t\t\t\t\t\t<div class=\"elementor-element elementor-element-a0efd91 elementor-widget elementor-widget-heading\" data-id=\"a0efd91\" data-element_type=\"widget\" data-widget_type=\"heading.default\">\n\t\t\t\t<div class=\"elementor-widget-container\">\n\t\t\t<h2 class=\"elementor-heading-title elementor-size-default\">CHAMBRE BABET<\/h2>\t\t<\/div>\n\t\t\t\t<\/div>\n\t\t\t\t<div class=\"elementor-element elementor-element-d91547e elementor-widget elementor-widget-text-editor\" data-id=\"d91547e\" data-element_type=\"widget\" data-widget_type=\"text-editor.default\">\n\t\t\t\t<div class=\"elementor-widget-container\">\n\t\t\t\t\t\t\t<p>Chambre pour 2 personnes<\/p><p>71\u20ac \/ nuit (petit d\u00e9jeuner inclus). Sur r\u00e9servation, le repas du soir peut-\u00eatre servi (15\u20ac par personne).<\/p><p>Pour en savoir plus <a href=\"https:\/\/chezperlette.fr\/index.php\/chambre-babet\/\" target=\"_blank\" rel=\"noopener\">cliquez ici<\/a><\/p>\t\t\t\t\t\t<\/div>\n\t\t\t\t<\/div>\n\t\t\t\t\t<\/div>\n\t\t<\/div>\n\t\t\t\t<div class=\"elementor-column elementor-col-50 elementor-inner-column elementor-element elementor-element-d9f8de9\" data-id=\"d9f8de9\" data-element_type=\"column\">\n\t\t\t<div class=\"elementor-widget-wrap elementor-element-populated\">\n\t\t\t\t\t\t<div class=\"elementor-element elementor-element-ada7e68 elementor-widget elementor-widget-image\" data-id=\"ada7e68\" data-element_type=\"widget\" data-widget_type=\"image.default\">\n\t\t\t\t<div class=\"elementor-widget-container\">\n\t\t\t\t\t\t\t\t\t\t\t\t\t<img decoding=\"async\" width=\"837\" height=\"377\" src=\"https:\/\/chezperlette.fr\/wp-content\/uploads\/2022\/08\/20220827_175804-1024x461.jpg\" class=\"attachment-large size-large wp-image-243\" alt=\"\" srcset=\"https:\/\/chezperlette.fr\/wp-content\/uploads\/2022\/08\/20220827_175804-1024x461.jpg 1024w, https:\/\/chezperlette.fr\/wp-content\/uploads\/2022\/08\/20220827_175804-300x135.jpg 300w, https:\/\/chezperlette.fr\/wp-content\/uploads\/2022\/08\/20220827_175804-768x346.jpg 768w, https:\/\/chezperlette.fr\/wp-content\/uploads\/2022\/08\/20220827_175804-1536x692.jpg 1536w, https:\/\/chezperlette.fr\/wp-content\/uploads\/2022\/08\/20220827_175804-2048x922.jpg 2048w\" sizes=\"(max-width: 837px) 100vw, 837px\" \/>\t\t\t\t\t\t\t\t\t\t\t\t\t<\/div>\n\t\t\t\t<\/div>\n\t\t\t\t\t<\/div>\n\t\t<\/div>\n\t\t\t\t\t<\/div>\n\t\t<\/section>\n\t\t\t\t\t<\/div>\n\t\t<\/div>\n\t\t\t\t\t<\/div>\n\t\t<\/section>\n\t\t\t\t<section class=\"elementor-section elementor-top-section elementor-element elementor-element-a226de7 elementor-section-boxed elementor-section-height-default elementor-section-height-default\" data-id=\"a226de7\" data-element_type=\"section\">\n\t\t\t\t\t\t<div class=\"elementor-container elementor-column-gap-default\">\n\t\t\t\t\t<div class=\"elementor-column elementor-col-100 elementor-top-column elementor-element elementor-element-c3c8791\" data-id=\"c3c8791\" data-element_type=\"column\">\n\t\t\t<div class=\"elementor-widget-wrap elementor-element-populated\">\n\t\t\t\t\t\t<div class=\"elementor-element elementor-element-6c11495 elementor-widget elementor-widget-heading\" data-id=\"6c11495\" data-element_type=\"widget\" data-widget_type=\"heading.default\">\n\t\t\t\t<div class=\"elementor-widget-container\">\n\t\t\t<h2 class=\"elementor-heading-title elementor-size-default\">Espaces communs<\/h2>\t\t<\/div>\n\t\t\t\t<\/div>\n\t\t\t\t\t<\/div>\n\t\t<\/div>\n\t\t\t\t\t<\/div>\n\t\t<\/section>\n\t\t\t\t<section class=\"elementor-section elementor-top-section elementor-element elementor-element-668951f elementor-section-boxed elementor-section-height-default elementor-section-height-default\" data-id=\"668951f\" data-element_type=\"section\">\n\t\t\t\t\t\t<div class=\"elementor-container elementor-column-gap-default\">\n\t\t\t\t\t<div class=\"elementor-column elementor-col-100 elementor-top-column elementor-element elementor-element-dc7904e\" data-id=\"dc7904e\" data-element_type=\"column\">\n\t\t\t<div class=\"elementor-widget-wrap elementor-element-populated\">\n\t\t\t\t\t\t<section class=\"elementor-section elementor-inner-section elementor-element elementor-element-73aeecf elementor-section-boxed elementor-section-height-default elementor-section-height-default\" data-id=\"73aeecf\" data-element_type=\"section\">\n\t\t\t\t\t\t<div class=\"elementor-container elementor-column-gap-default\">\n\t\t\t\t\t<div class=\"elementor-column elementor-col-50 elementor-inner-column elementor-element elementor-element-1e971d7\" data-id=\"1e971d7\" data-element_type=\"column\">\n\t\t\t<div class=\"elementor-widget-wrap elementor-element-populated\">\n\t\t\t\t\t\t<div class=\"elementor-element elementor-element-075ca12 elementor-widget elementor-widget-image\" data-id=\"075ca12\" data-element_type=\"widget\" data-widget_type=\"image.default\">\n\t\t\t\t<div class=\"elementor-widget-container\">\n\t\t\t\t\t\t\t\t\t\t\t\t\t<img loading=\"lazy\" decoding=\"async\" width=\"837\" height=\"377\" src=\"https:\/\/chezperlette.fr\/wp-content\/uploads\/2022\/08\/20220827_172640-1024x461.jpg\" class=\"attachment-large size-large wp-image-278\" alt=\"\" srcset=\"https:\/\/chezperlette.fr\/wp-content\/uploads\/2022\/08\/20220827_172640-1024x461.jpg 1024w, https:\/\/chezperlette.fr\/wp-content\/uploads\/2022\/08\/20220827_172640-300x135.jpg 300w, https:\/\/chezperlette.fr\/wp-content\/uploads\/2022\/08\/20220827_172640-768x346.jpg 768w, https:\/\/chezperlette.fr\/wp-content\/uploads\/2022\/08\/20220827_172640-1536x692.jpg 1536w, https:\/\/chezperlette.fr\/wp-content\/uploads\/2022\/08\/20220827_172640-2048x922.jpg 2048w\" sizes=\"(max-width: 837px) 100vw, 837px\" \/>\t\t\t\t\t\t\t\t\t\t\t\t\t<\/div>\n\t\t\t\t<\/div>\n\t\t\t\t\t<\/div>\n\t\t<\/div>\n\t\t\t\t<div class=\"elementor-column elementor-col-50 elementor-inner-column elementor-element elementor-element-2b44d62\" data-id=\"2b44d62\" data-element_type=\"column\">\n\t\t\t<div class=\"elementor-widget-wrap elementor-element-populated\">\n\t\t\t\t\t\t<div class=\"elementor-element elementor-element-abc2967 elementor-widget elementor-widget-image\" data-id=\"abc2967\" data-element_type=\"widget\" data-widget_type=\"image.default\">\n\t\t\t\t<div class=\"elementor-widget-container\">\n\t\t\t\t\t\t\t\t\t\t\t\t\t<img loading=\"lazy\" decoding=\"async\" width=\"837\" height=\"377\" src=\"https:\/\/chezperlette.fr\/wp-content\/uploads\/2022\/08\/20220828_162159-1024x461.jpg\" class=\"attachment-large size-large wp-image-280\" alt=\"\" srcset=\"https:\/\/chezperlette.fr\/wp-content\/uploads\/2022\/08\/20220828_162159-1024x461.jpg 1024w, https:\/\/chezperlette.fr\/wp-content\/uploads\/2022\/08\/20220828_162159-300x135.jpg 300w, https:\/\/chezperlette.fr\/wp-content\/uploads\/2022\/08\/20220828_162159-768x346.jpg 768w, https:\/\/chezperlette.fr\/wp-content\/uploads\/2022\/08\/20220828_162159-1536x692.jpg 1536w, https:\/\/chezperlette.fr\/wp-content\/uploads\/2022\/08\/20220828_162159-2048x922.jpg 2048w\" sizes=\"(max-width: 837px) 100vw, 837px\" \/>\t\t\t\t\t\t\t\t\t\t\t\t\t<\/div>\n\t\t\t\t<\/div>\n\t\t\t\t\t<\/div>\n\t\t<\/div>\n\t\t\t\t\t<\/div>\n\t\t<\/section>\n\t\t\t\t\t<\/div>\n\t\t<\/div>\n\t\t\t\t\t<\/div>\n\t\t<\/section>\n\t\t\t\t<section class=\"elementor-section elementor-top-section elementor-element elementor-element-cc95728 elementor-section-boxed elementor-section-height-default elementor-section-height-default\" data-id=\"cc95728\" data-element_type=\"section\">\n\t\t\t\t\t\t<div class=\"elementor-container elementor-column-gap-default\">\n\t\t\t\t\t<div class=\"elementor-column elementor-col-100 elementor-top-column elementor-element elementor-element-e1d9fc6\" data-id=\"e1d9fc6\" data-element_type=\"column\">\n\t\t\t<div class=\"elementor-widget-wrap elementor-element-populated\">\n\t\t\t\t\t\t<section class=\"elementor-section elementor-inner-section elementor-element elementor-element-596031a elementor-section-boxed elementor-section-height-default elementor-section-height-default\" data-id=\"596031a\" data-element_type=\"section\">\n\t\t\t\t\t\t<div class=\"elementor-container elementor-column-gap-default\">\n\t\t\t\t\t<div class=\"elementor-column elementor-col-50 elementor-inner-column elementor-element elementor-element-903dabd\" data-id=\"903dabd\" data-element_type=\"column\">\n\t\t\t<div class=\"elementor-widget-wrap elementor-element-populated\">\n\t\t\t\t\t\t<div class=\"elementor-element elementor-element-bcb3e1d elementor-widget elementor-widget-image\" data-id=\"bcb3e1d\" data-element_type=\"widget\" data-widget_type=\"image.default\">\n\t\t\t\t<div class=\"elementor-widget-container\">\n\t\t\t\t\t\t\t\t\t\t\t\t\t<img loading=\"lazy\" decoding=\"async\" width=\"837\" height=\"377\" src=\"https:\/\/chezperlette.fr\/wp-content\/uploads\/2022\/08\/20220828_161722-1024x461.jpg\" class=\"attachment-large size-large wp-image-279\" alt=\"\" srcset=\"https:\/\/chezperlette.fr\/wp-content\/uploads\/2022\/08\/20220828_161722-1024x461.jpg 1024w, https:\/\/chezperlette.fr\/wp-content\/uploads\/2022\/08\/20220828_161722-300x135.jpg 300w, https:\/\/chezperlette.fr\/wp-content\/uploads\/2022\/08\/20220828_161722-768x346.jpg 768w, https:\/\/chezperlette.fr\/wp-content\/uploads\/2022\/08\/20220828_161722-1536x692.jpg 1536w, https:\/\/chezperlette.fr\/wp-content\/uploads\/2022\/08\/20220828_161722-2048x922.jpg 2048w\" sizes=\"(max-width: 837px) 100vw, 837px\" \/>\t\t\t\t\t\t\t\t\t\t\t\t\t<\/div>\n\t\t\t\t<\/div>\n\t\t\t\t\t<\/div>\n\t\t<\/div>\n\t\t\t\t<div class=\"elementor-column elementor-col-50 elementor-inner-column elementor-element elementor-element-7fcad06\" data-id=\"7fcad06\" data-element_type=\"column\">\n\t\t\t<div class=\"elementor-widget-wrap\">\n\t\t\t\t\t\t\t<\/div>\n\t\t<\/div>\n\t\t\t\t\t<\/div>\n\t\t<\/section>\n\t\t\t\t\t<\/div>\n\t\t<\/div>\n\t\t\t\t\t<\/div>\n\t\t<\/section>\n\t\t\t\t<\/div>\n\t\t","protected":false},"excerpt":{"rendered":"<p>Nous disposons de trois chambres d&#8217;h\u00f4tes disponibles \u00e0 la location. Chaque location donne acc\u00e8s \u00e0 un espace d\u00e9tente et cuisine commune, avec la possibilit\u00e9 de se faire \u00e0 manger (plaques de cuisson, r\u00e9frig\u00e9rateur, cafeti\u00e8re). Le petit d\u00e9jeuner sucr\u00e9 et \/ ou sal\u00e9 (en fonction de vos envies) et servi dans l&#8217;espace cuisine de 7h \u00e0 <a class=\"read-more\" href=\"https:\/\/chezperlette.fr\/index.php\/les-chambres\/\">READ MORE<\/a><\/p>\n","protected":false},"author":1,"featured_media":0,"parent":0,"menu_order":0,"comment_status":"closed","ping_status":"closed","template":"","meta":{"om_disable_all_campaigns":false,"_monsterinsights_skip_tracking":false,"_monsterinsights_sitenote_active":false,"_monsterinsights_sitenote_note":"","_monsterinsights_sitenote_category":0,"footnotes":""},"aioseo_notices":[],"_links":{"self":[{"href":"https:\/\/chezperlette.fr\/index.php\/wp-json\/wp\/v2\/pages\/58"}],"collection":[{"href":"https:\/\/chezperlette.fr\/index.php\/wp-json\/wp\/v2\/pages"}],"about":[{"href":"https:\/\/chezperlette.fr\/index.php\/wp-json\/wp\/v2\/types\/page"}],"author":[{"embeddable":true,"href":"https:\/\/chezperlette.fr\/index.php\/wp-json\/wp\/v2\/users\/1"}],"replies":[{"embeddable":true,"href":"https:\/\/chezperlette.fr\/index.php\/wp-json\/wp\/v2\/comments?post=58"}],"version-history":[{"count":86,"href":"https:\/\/chezperlette.fr\/index.php\/wp-json\/wp\/v2\/pages\/58\/revisions"}],"predecessor-version":[{"id":593,"href":"https:\/\/chezperlette.fr\/index.php\/wp-json\/wp\/v2\/pages\/58\/revisions\/593"}],"wp:attachment":[{"href":"https:\/\/chezperlette.fr\/index.php\/wp-json\/wp\/v2\/media?parent=58"}],"curies":[{"name":"wp","href":"https:\/\/api.w.org\/{rel}","templated":true}]}}